{"id":93,"date":"2021-12-06T17:39:01","date_gmt":"2021-12-06T16:39:01","guid":{"rendered":"https:\/\/wp.petersenschuby.de\/?page_id=93"},"modified":"2023-11-13T09:36:29","modified_gmt":"2023-11-13T08:36:29","slug":"moin-moin-und-herzlich-willkommen-auf-dem-hof-petersen-in-schuby","status":"publish","type":"page","link":"https:\/\/petersenschuby.de\/","title":{"rendered":"Moin moin und herzlich willkommen auf dem Hof Petersen in Schuby"},"content":{"rendered":"<div class=\"wp-block-image\">\n<figure class=\"aligncenter size-large\"><img loading=\"lazy\" decoding=\"async\" width=\"1024\" height=\"768\" src=\"https:\/\/petersenschuby.de\/wp-content\/uploads\/2021\/12\/cropped-220-50-1024x768.jpg\" alt=\"\" class=\"wp-image-62\" srcset=\"https:\/\/petersenschuby.de\/wp-content\/uploads\/2021\/12\/cropped-220-50-1024x768.jpg 1024w, https:\/\/petersenschuby.de\/wp-content\/uploads\/2021\/12\/cropped-220-50-300x225.jpg 300w, https:\/\/petersenschuby.de\/wp-content\/uploads\/2021\/12\/cropped-220-50-768x576.jpg 768w, https:\/\/petersenschuby.de\/wp-content\/uploads\/2021\/12\/cropped-220-50-1536x1152.jpg 1536w, https:\/\/petersenschuby.de\/wp-content\/uploads\/2021\/12\/cropped-220-50.jpg 2000w\" sizes=\"auto, (max-width: 767px) 89vw, (max-width: 1000px) 54vw, (max-width: 1071px) 543px, 580px\" \/><\/figure><\/div>\n\n\n<p>Kommen Sie in unser gem\u00fctliches Dorf Schuby zwischen Ostseefjord &#8222;Schlei&#8220; und Ostsee.<br>Das Dorf liegt in l\u00e4ndlicher Idylle nur 3 km vom Schubystrand entfernt.<br><br>Unser voll bewirtschafteter Milchvieh- und Ackerbaubetrieb bietet <strong>Ostseeurlaub<\/strong> und <strong>Landurlaub<\/strong> in einem.<br>Lassen Sie sich von unserer Landschaft zwischen Schlei und Ostsee verzaubern und geniessen Sie ausgedehnte Spazierg\u00e4nge am Strand, entlang der Steilk\u00fcste oder in unserem sch\u00f6nen Wald.<br><br>Geniessen sie gemeinsame Grillabende im Sommer oder unternehmen ausgedehnte Fahrradtouren und entdecken unsere sch\u00f6ne K\u00fcstenlandschaft.<br><br><br><\/p>\n\n\n\n<p><br><\/p>\n\n\n\n<p class=\"has-text-align-center\"><strong>Wohnung \u201eKoppelblick\u201c:<\/strong><br><strong>2<\/strong> &#8211; 4 Personen<br><br><strong>Wohnung \u201eAbendrot\u201c: <\/strong><br><strong>4<\/strong> &#8211; 6 Personen<br><br><strong>Ferienhaus \u201eSeebrise\u201c: <\/strong><br><strong>4<\/strong> &#8211; 8 Personen<\/p>\n\n\n<div class=\"wp-block-image\">\n<figure class=\"aligncenter size-full is-resized\"><img loading=\"lazy\" decoding=\"async\" width=\"320\" height=\"162\" src=\"https:\/\/petersenschuby.de\/wp-content\/uploads\/2021\/12\/2-2-gl-Bildergalerie-1903.jpg\" alt=\"\" class=\"wp-image-82\" style=\"width:221px;height:112px\" srcset=\"https:\/\/petersenschuby.de\/wp-content\/uploads\/2021\/12\/2-2-gl-Bildergalerie-1903.jpg 320w, https:\/\/petersenschuby.de\/wp-content\/uploads\/2021\/12\/2-2-gl-Bildergalerie-1903-300x152.jpg 300w\" sizes=\"auto, (max-width: 320px) 100vw, 320px\" \/><\/figure><\/div>\n\n\n<div class=\"wp-block-columns is-layout-flex wp-container-core-columns-is-layout-4 wp-block-columns-is-layout-flex\">\n<div class=\"wp-block-column is-layout-flow wp-block-column-is-layout-flow\" style=\"flex-basis:100%\">\n<div class=\"wp-block-group\"><div class=\"wp-block-group__inner-container is-layout-flow wp-block-group-is-layout-flow\">\n<div class=\"wp-block-columns is-layout-flex wp-container-core-columns-is-layout-3 wp-block-columns-is-layout-flex\">\n<div class=\"wp-block-column is-layout-flow wp-block-column-is-layout-flow\" style=\"flex-basis:100%\">\n<div class=\"wp-block-columns is-layout-flex wp-container-core-columns-is-layout-2 wp-block-columns-is-layout-flex\">\n<div class=\"wp-block-column is-layout-flow wp-block-column-is-layout-flow\">\n<div class=\"wp-block-columns is-layout-flex wp-container-core-columns-is-layout-1 wp-block-columns-is-layout-flex\">\n<div class=\"wp-block-column is-layout-flow wp-block-column-is-layout-flow\">\n<p><\/p>\n<\/div>\n<\/div>\n<\/div>\n<\/div>\n<\/div>\n<\/div>\n<\/div><\/div>\n<\/div>\n<\/div>\n\n\n\n<div class=\"wp-block-columns is-layout-flex wp-container-core-columns-is-layout-5 wp-block-columns-is-layout-flex\">\n<div class=\"wp-block-column is-layout-flow wp-block-column-is-layout-flow\">\n<p class=\"has-text-align-center\">Entfernungen vom Hof Petersen<br>Fischerhaus\/Restaurant 2,8 km<br>Gasthaus N\u00fcser\/ Karby 1,3 km<br>zum Wald 1,5 km<br>zum Ostseestrand 3 km<br>zur Schlei 3 km<br>zum Schwimmbad Damp 4 km<br>Ferienhof Siemen 6 km<br>zur Stadt Kappeln 7 km<br>Bahnhof- S\u00fcderbrarup 18 km<br>Eckernf\u00f6rde 23 km<\/p>\n<\/div>\n\n\n\n<div class=\"wp-block-column is-layout-flow wp-block-column-is-layout-flow\">\n<div data-map-zoom=\"2\" data-interaction=\"cooperative\" data-map-style=\"default\" data-map-center=\"{&quot;lat&quot;:37.9106161839889,&quot;lng&quot;:25.1221243506071}\" data-zoom-control=\"true\" data-type-control=\"true\" data-street-view-control=\"true\" data-full-screen-control=\"true\" data-map-markers=\"\" class=\"wp-block-getwid-map\"><div style=\"height:600px\" class=\"wp-block-getwid-map__container\"><\/div><\/div>\n<\/div>\n<\/div>\n\n\n\n<p><strong>Anfahrt:<\/strong><br>Von der A7 Abfahrt B\u00fcdelsdorf, rechts auf die B 203 Eckernf\u00f6rde und dann Richtung Damp. An der Abfahrt Damp vorbei fahren und die n\u00e4chste Abfahrt Schuby nehmen. Nach dem Orts- Eingang Schuby noch ca. 800 m bis auf der rechten Seite ein Stein steht mit der Aufschrift: Petersen Schuby 25<strong>.<\/strong><\/p>\n\n\n<div class=\"wp-block-image\">\n<figure class=\"aligncenter size-full\"><img loading=\"lazy\" decoding=\"async\" width=\"500\" height=\"375\" src=\"https:\/\/petersenschuby.de\/wp-content\/uploads\/2021\/12\/2-4-im-FotoZentriert-6370-tn.jpg\" alt=\"\" class=\"wp-image-94\" srcset=\"https:\/\/petersenschuby.de\/wp-content\/uploads\/2021\/12\/2-4-im-FotoZentriert-6370-tn.jpg 500w, https:\/\/petersenschuby.de\/wp-content\/uploads\/2021\/12\/2-4-im-FotoZentriert-6370-tn-300x225.jpg 300w\" sizes=\"auto, (max-width: 500px) 100vw, 500px\" \/><\/figure><\/div>","protected":false},"excerpt":{"rendered":"<p>Kommen Sie in unser gem\u00fctliches Dorf Schuby zwischen Ostseefjord &#8222;Schlei&#8220; und Ostsee.Das Dorf liegt in l\u00e4ndlicher Idylle nur 3 km vom Schubystrand entfernt. Unser voll bewirtschafteter Milchvieh- und Ackerbaubetrieb bietet Ostseeurlaub und Landurlaub in einem.Lassen Sie sich von unserer Landschaft zwischen Schlei und Ostsee verzaubern und geniessen Sie ausgedehnte Spazierg\u00e4nge am Strand, entlang der Steilk\u00fcste &hellip; <\/p>\n<p class=\"link-more\"><a href=\"https:\/\/petersenschuby.de\/\" class=\"more-link\"><span class=\"screen-reader-text\">\u201eMoin moin und herzlich willkommen auf dem Hof Petersen in Schuby\u201c<\/span> weiterlesen<\/a><\/p>\n","protected":false},"author":1,"featured_media":0,"parent":0,"menu_order":0,"comment_status":"closed","ping_status":"closed","template":"","meta":{"footnotes":""},"class_list":["post-93","page","type-page","status-publish","hentry"],"_links":{"self":[{"href":"https:\/\/petersenschuby.de\/index.php?rest_route=\/wp\/v2\/pages\/93","targetHints":{"allow":["GET"]}}],"collection":[{"href":"https:\/\/petersenschuby.de\/index.php?rest_route=\/wp\/v2\/pages"}],"about":[{"href":"https:\/\/petersenschuby.de\/index.php?rest_route=\/wp\/v2\/types\/page"}],"author":[{"embeddable":true,"href":"https:\/\/petersenschuby.de\/index.php?rest_route=\/wp\/v2\/users\/1"}],"replies":[{"embeddable":true,"href":"https:\/\/petersenschuby.de\/index.php?rest_route=%2Fwp%2Fv2%2Fcomments&post=93"}],"version-history":[{"count":5,"href":"https:\/\/petersenschuby.de\/index.php?rest_route=\/wp\/v2\/pages\/93\/revisions"}],"predecessor-version":[{"id":613,"href":"https:\/\/petersenschuby.de\/index.php?rest_route=\/wp\/v2\/pages\/93\/revisions\/613"}],"wp:attachment":[{"href":"https:\/\/petersenschuby.de\/index.php?rest_route=%2Fwp%2Fv2%2Fmedia&parent=93"}],"curies":[{"name":"wp","href":"https:\/\/api.w.org\/{rel}","templated":true}]}}